{"id":8,"date":"2020-12-11T08:53:39","date_gmt":"2020-12-11T08:53:39","guid":{"rendered":"http:\/\/scoalarus.ro\/?page_id=8"},"modified":"2020-12-11T09:02:59","modified_gmt":"2020-12-11T09:02:59","slug":"home","status":"publish","type":"page","link":"https:\/\/scoalarus.ro\/","title":{"rendered":"Prezentare"},"content":{"rendered":"\n<p>\u00cenfiin\u0163at\u0103 la c\u00e2\u0163iva ani dup\u0103 r\u0103zboi, cl\u0103direa mare a luat locul scolii vechi, cu nou\u0103 s\u0103li de clas\u0103 spa\u0163ioase dispuse pe dou\u0103 niveluri.<\/p>\n\n\n\n<p>\u00cen anul 1948 se demoleaz\u0103 vechea \u0219coala construit\u0103 din lemn si acoperit\u0103 cu \u015findril\u0103 , iar pe locul acela se recl\u0103de\u015fte o noua construc\u0163ie de c\u0103r\u0103mida cu 4 s\u0103li de clas\u0103 , laborator \u015fi sal\u0103 profesoral\u0103 \u00eentre anii 1948-1949, care a fost reconsolidat\u0103 \u0219i refunc\u0163ionalizata \u00een anul 2002, prin finan\u0163are de la Banca Mondiala \u015fi care \u00een prezent se folose\u015fte pentru desfa\u0219urarea \u00eenva\u0163\u0103m\u00e2ntului pre\u015fcolar.<\/p>\n\n\n\n<figure class=\"wp-block-gallery columns-3 is-cropped wp-block-gallery-1 is-layout-flex wp-block-gallery-is-layout-flex\"><ul class=\"blocks-gallery-grid\"><li class=\"blocks-gallery-item\"><figure><img loading=\"lazy\" decoding=\"async\" width=\"960\" height=\"720\" src=\"http:\/\/scoalarus.ro\/wp-content\/uploads\/2020\/12\/77275532_110802043732418_5823469152177750016_n.jpg\" alt=\"\" data-id=\"40\" data-full-url=\"http:\/\/scoalarus.ro\/wp-content\/uploads\/2020\/12\/77275532_110802043732418_5823469152177750016_n.jpg\" data-link=\"http:\/\/scoalarus.ro\/index.php\/home\/77275532_110802043732418_5823469152177750016_n\/\" class=\"wp-image-40\" srcset=\"https:\/\/scoalarus.ro\/wp-content\/uploads\/2020\/12\/77275532_110802043732418_5823469152177750016_n.jpg 960w, https:\/\/scoalarus.ro\/wp-content\/uploads\/2020\/12\/77275532_110802043732418_5823469152177750016_n-300x225.jpg 300w, https:\/\/scoalarus.ro\/wp-content\/uploads\/2020\/12\/77275532_110802043732418_5823469152177750016_n-768x576.jpg 768w\" sizes=\"(max-width: 767px) 89vw, (max-width: 1000px) 54vw, (max-width: 1071px) 543px, 580px\" \/><\/figure><\/li><li class=\"blocks-gallery-item\"><figure><img loading=\"lazy\" decoding=\"async\" width=\"1024\" height=\"768\" src=\"http:\/\/scoalarus.ro\/wp-content\/uploads\/2020\/12\/78067269_109049887240967_3434519294585602048_o-1024x768.jpg\" alt=\"\" data-id=\"41\" data-full-url=\"http:\/\/scoalarus.ro\/wp-content\/uploads\/2020\/12\/78067269_109049887240967_3434519294585602048_o.jpg\" data-link=\"http:\/\/scoalarus.ro\/index.php\/home\/78067269_109049887240967_3434519294585602048_o\/\" class=\"wp-image-41\" srcset=\"https:\/\/scoalarus.ro\/wp-content\/uploads\/2020\/12\/78067269_109049887240967_3434519294585602048_o-1024x768.jpg 1024w, https:\/\/scoalarus.ro\/wp-content\/uploads\/2020\/12\/78067269_109049887240967_3434519294585602048_o-300x225.jpg 300w, https:\/\/scoalarus.ro\/wp-content\/uploads\/2020\/12\/78067269_109049887240967_3434519294585602048_o-768x576.jpg 768w, https:\/\/scoalarus.ro\/wp-content\/uploads\/2020\/12\/78067269_109049887240967_3434519294585602048_o-1536x1152.jpg 1536w, https:\/\/scoalarus.ro\/wp-content\/uploads\/2020\/12\/78067269_109049887240967_3434519294585602048_o.jpg 2048w\" sizes=\"(max-width: 767px) 89vw, (max-width: 1000px) 54vw, (max-width: 1071px) 543px, 580px\" \/><\/figure><\/li><li class=\"blocks-gallery-item\"><figure><img loading=\"lazy\" decoding=\"async\" width=\"960\" height=\"720\" src=\"http:\/\/scoalarus.ro\/wp-content\/uploads\/2020\/12\/79934983_119839352828687_5048007661514129408_o.jpg\" alt=\"\" data-id=\"42\" data-full-url=\"http:\/\/scoalarus.ro\/wp-content\/uploads\/2020\/12\/79934983_119839352828687_5048007661514129408_o.jpg\" data-link=\"http:\/\/scoalarus.ro\/index.php\/home\/79934983_119839352828687_5048007661514129408_o\/\" class=\"wp-image-42\" srcset=\"https:\/\/scoalarus.ro\/wp-content\/uploads\/2020\/12\/79934983_119839352828687_5048007661514129408_o.jpg 960w, https:\/\/scoalarus.ro\/wp-content\/uploads\/2020\/12\/79934983_119839352828687_5048007661514129408_o-300x225.jpg 300w, https:\/\/scoalarus.ro\/wp-content\/uploads\/2020\/12\/79934983_119839352828687_5048007661514129408_o-768x576.jpg 768w\" sizes=\"(max-width: 767px) 89vw, (max-width: 1000px) 54vw, (max-width: 1071px) 543px, 580px\" \/><\/figure><\/li><\/ul><\/figure>\n","protected":false},"excerpt":{"rendered":"<p>\u00cenfiin\u0163at\u0103 la c\u00e2\u0163iva ani dup\u0103 r\u0103zboi, cl\u0103direa mare a luat locul scolii vechi, cu nou\u0103 s\u0103li de clas\u0103 spa\u0163ioase dispuse pe dou\u0103 niveluri. \u00cen anul 1948 se demoleaz\u0103 vechea \u0219coala construit\u0103 din lemn si acoperit\u0103 cu \u015findril\u0103 , iar pe locul acela se recl\u0103de\u015fte o noua construc\u0163ie de c\u0103r\u0103mida cu 4 s\u0103li de clas\u0103 , &hellip; <\/p>\n<p class=\"link-more\"><a href=\"https:\/\/scoalarus.ro\/\" class=\"more-link\">Continue reading<span class=\"screen-reader-text\"> &#8220;Prezentare&#8221;<\/span><\/a><\/p>\n","protected":false},"author":1,"featured_media":0,"parent":0,"menu_order":0,"comment_status":"closed","ping_status":"closed","template":"","meta":{"footnotes":""},"_links":{"self":[{"href":"https:\/\/scoalarus.ro\/index.php\/wp-json\/wp\/v2\/pages\/8"}],"collection":[{"href":"https:\/\/scoalarus.ro\/index.php\/wp-json\/wp\/v2\/pages"}],"about":[{"href":"https:\/\/scoalarus.ro\/index.php\/wp-json\/wp\/v2\/types\/page"}],"author":[{"embeddable":true,"href":"https:\/\/scoalarus.ro\/index.php\/wp-json\/wp\/v2\/users\/1"}],"replies":[{"embeddable":true,"href":"https:\/\/scoalarus.ro\/index.php\/wp-json\/wp\/v2\/comments?post=8"}],"version-history":[{"count":3,"href":"https:\/\/scoalarus.ro\/index.php\/wp-json\/wp\/v2\/pages\/8\/revisions"}],"predecessor-version":[{"id":43,"href":"https:\/\/scoalarus.ro\/index.php\/wp-json\/wp\/v2\/pages\/8\/revisions\/43"}],"wp:attachment":[{"href":"https:\/\/scoalarus.ro\/index.php\/wp-json\/wp\/v2\/media?parent=8"}],"curies":[{"name":"wp","href":"https:\/\/api.w.org\/{rel}","templated":true}]}}