{"id":31,"date":"2020-12-11T08:58:38","date_gmt":"2020-12-11T08:58:38","guid":{"rendered":"http:\/\/scoalarus.ro\/?page_id=31"},"modified":"2020-12-11T08:58:38","modified_gmt":"2020-12-11T08:58:38","slug":"localizare","status":"publish","type":"page","link":"https:\/\/scoalarus.ro\/index.php\/localizare\/","title":{"rendered":"Localizare"},"content":{"rendered":"\n<p>Satul Rus este situat \u00een partea de nord-est a jude\u0163ului, la o distan\u0163\u0103 de 34 km de ora\u015ful Dej, 60 km de Baia -Mare \u015fi la 75 km de Zal\u0103u(re\u015fedin\u0163\u0103 de jude\u0163), pe \u015foseaua jude\u0163ean\u0103 108 S.<br>Este a\u015fezat pe malul st\u00e2ng al Some\u015fului, str\u0103juit fiind de o parte \u015fi de alta de dealuri seme\u0163e.<br>Se \u00eenvecineaz\u0103 la sud \u015fi sud -est cu satul \u015eimi\u015fna, la sud-vest cu satul F\u00eent\u00eenele, la nord-vest cu Buza\u015f, la nord cu D\u0103b\u00e2ceni, la nord-est cu Glod \u015fi la est cu Chizeni.<\/p>\n\n\n\n<p>Hotarul se \u00eentinde pe o suprafa\u0163\u0103 de aproximativ 21 km p\u0103tra\u0163i. Vatra actual\u0103 a satului este situat\u0103 \u00een lunca \u015fi pe terasele Some\u015fului, fiind br\u0103zdat\u0103 prin mijloc de Valea Iepii, care \u00ee\u015fi are izvoarele \u00een hotarul satului F\u00eent\u00eenele, numit alt\u0103 dat\u0103 \u201cIapa\u201d, Valea \u015eimi\u015fnei \u015fi Valea Rinului care \u00eel br\u0103zdeaz\u0103 lateral, f\u0103r\u0103 a constitui limite de hotar cu satele vecine.<br>Are ca vecini comunele:<br>\u2666 Ileanda la nord<br>\u2666 G\u00eelg\u0103u la nord-est<br>\u2666 \u015eimi\u015fna la vest.<br>Suprafa\u0163a comunei este de 5079 ha, intravilan 210 ha iar extravilan 4787 ha.<br>Comuna Rus este format\u0103 din satele:<br>\u2666 Rus-re\u015fedin\u0163\u0103 de comun\u0103<br>\u2666 F\u00eent\u00eenele-Rus, situat la o distan\u0163\u0103 de 3 km<br>\u2666 Buza\u015f, situat la o distan\u0163\u0103 de 5&nbsp; km.<br>Comuna Rus este a\u015fezat\u0103 \u00een a\u015fa numitul \u201c\u015fes\u201d al V\u0103ii Some\u015fului, relieful fiind destul de variat. Face parte din Podu\u015ful Some\u015fan sau Platforma Some\u015fan\u0103, o regiune de cueste concentrice \u015fi suprafe\u0163e structurale.<\/p>\n\n\n\n<p>Comuna Rus e str\u0103b\u0103tut\u0103 de urm\u0103toarele c\u0103i de comunica\u0163ie:<br>\u2013 linia ferat\u0103 Baia-Mare-Cluj Napoca;<br>\u2013 drumul european E58<br>\u2013 drumul jude\u0163ean 108S<br>\u2013 drumul jude\u0163ean 109<br>\u2013 drumul comunal DC35<\/p>\n\n\n\n<p><\/p>\n","protected":false},"excerpt":{"rendered":"<p>Satul Rus este situat \u00een partea de nord-est a jude\u0163ului, la o distan\u0163\u0103 de 34 km de ora\u015ful Dej, 60 km de Baia -Mare \u015fi la 75 km de Zal\u0103u(re\u015fedin\u0163\u0103 de jude\u0163), pe \u015foseaua jude\u0163ean\u0103 108 S.Este a\u015fezat pe malul st\u00e2ng al Some\u015fului, str\u0103juit fiind de o parte \u015fi de alta de dealuri seme\u0163e.Se \u00eenvecineaz\u0103 &hellip; <\/p>\n<p class=\"link-more\"><a href=\"https:\/\/scoalarus.ro\/index.php\/localizare\/\" class=\"more-link\">Continue reading<span class=\"screen-reader-text\"> &#8220;Localizare&#8221;<\/span><\/a><\/p>\n","protected":false},"author":1,"featured_media":0,"parent":0,"menu_order":0,"comment_status":"closed","ping_status":"closed","template":"","meta":{"footnotes":""},"_links":{"self":[{"href":"https:\/\/scoalarus.ro\/index.php\/wp-json\/wp\/v2\/pages\/31"}],"collection":[{"href":"https:\/\/scoalarus.ro\/index.php\/wp-json\/wp\/v2\/pages"}],"about":[{"href":"https:\/\/scoalarus.ro\/index.php\/wp-json\/wp\/v2\/types\/page"}],"author":[{"embeddable":true,"href":"https:\/\/scoalarus.ro\/index.php\/wp-json\/wp\/v2\/users\/1"}],"replies":[{"embeddable":true,"href":"https:\/\/scoalarus.ro\/index.php\/wp-json\/wp\/v2\/comments?post=31"}],"version-history":[{"count":1,"href":"https:\/\/scoalarus.ro\/index.php\/wp-json\/wp\/v2\/pages\/31\/revisions"}],"predecessor-version":[{"id":32,"href":"https:\/\/scoalarus.ro\/index.php\/wp-json\/wp\/v2\/pages\/31\/revisions\/32"}],"wp:attachment":[{"href":"https:\/\/scoalarus.ro\/index.php\/wp-json\/wp\/v2\/media?parent=31"}],"curies":[{"name":"wp","href":"https:\/\/api.w.org\/{rel}","templated":true}]}}